{"id":654,"date":"2019-12-20T15:23:19","date_gmt":"2019-12-20T15:23:19","guid":{"rendered":"https:\/\/fedrigonitopaward.com\/\/?page_id=654"},"modified":"2026-01-27T12:49:51","modified_gmt":"2026-01-27T11:49:51","slug":"cookie-policy","status":"publish","type":"page","link":"https:\/\/fedrigonitopaward.com\/it\/cookie-policy\/","title":{"rendered":"Cookie policy"},"content":{"rendered":"\n<p>Il Titolare del trattamento \u00e8 Fedrigoni S.p.A. \u2013 Viale Piave 3 &#8211; 37135 Verona (IT) indirizzo email: privacy@fedrigoni.com<\/p>\n\n\n\n<p>Questo sito web utilizza i cookie. Utilizziamo i cookie necessari per garantire le corrette funzionalit\u00e0 del sito web, per personalizzare contenuti ed annunci, per fornire funzionalit\u00e0 dei social media e per analizzare il nostro traffico. Condividiamo inoltre informazioni sul modo in cui utilizza il nostro sito con i nostri partner che si occupano di analisi dei dati web, pubblicit\u00e0 e social media, i quali potrebbero combinarle con altre informazioni che ha fornito loro o che hanno raccolto dal suo utilizzo dei loro servizi.<\/p>\n\n\n\n<p>La legge afferma che possiamo memorizzare i cookie sul suo dispositivo se sono strettamente necessari per il funzionamento di questo sito, sulla base del legittimo interesse di Fedrigoni a garantire un uso corretto e sicuro dei siti internet. Per tutti gli altri tipi di cookie abbiamo bisogno del suo consenso.<\/p>\n\n\n\n<p>Questo sito utilizza diversi tipi di cookie. Alcuni cookie sono collocati da servizi di terzi che compaiono sulle nostre pagine.<\/p>\n\n\n\n<p>\u00c8 in ogni momento possibile esercitare i diritti di cui agli articoli da 15 a 22 del GDPR, secondo le condizioni previste dalla normativa. Tali diritti sono, in particolare:<\/p>\n\n\n\n<ul class=\"wp-block-list\">\n<li>Diritto a revocare il consenso;<\/li>\n\n\n\n<li>Diritto di accesso;<\/li>\n\n\n\n<li>Diritto di rettifica;<\/li>\n\n\n\n<li>Diritto di cancellazione;<\/li>\n\n\n\n<li>Diritto di limitazione del trattamento;<\/li>\n\n\n\n<li>Diritto alla portabilit\u00e0 dei dati;<\/li>\n\n\n\n<li>Diritto di opposizione al trattamento;<\/li>\n\n\n\n<li>Diritto a non essere sottoposto ad un processo decisionale automatizzato.<\/li>\n<\/ul>\n\n\n\n<p>\u00c8 inoltre possibile proporre reclamo all\u2019Autorit\u00e0 garante per la protezione dei dati personali: <a href=\"http:\/\/www.garanteprivacy.it\" target=\"_blank\" rel=\"noreferrer noopener\">http:\/\/www.garanteprivacy.it<\/a>.<\/p>\n\n\n\n<p>I diritti di cui sopra potranno essere esercitati, nei confronti del Titolare, scrivendo all\u2019indirizzo <a href=\"mailto:privacy@fedrigoni.com\">privacy@fedrigoni.com<\/a><\/p>\n\n\n\n<p>In qualsiasi momento \u00e8 possibile modificare o revocare il proprio consenso dalla Dichiarazione dei cookie sul nostro sito Web, o qui sotto.<\/p>\n\n\n<script\n\t\ttype=\"text\/javascript\"\n\t\tid=\"CookieDeclaration\"\n\t\tsrc=\"https:\/\/consent.cookiebot.com\/9a5d62df-3eba-45c3-be80-50cb6a0e21ee\/cd.js\"\n\t\t\tdata-culture=\"IT\"\n\t\tasync><\/script>\n\n","protected":false},"excerpt":{"rendered":"<p>Il Titolare del trattamento \u00e8 Fedrigoni S.p.A. \u2013 Viale Piave 3 &#8211; 37135 Verona (IT) indirizzo email: privacy@fedrigoni.com Questo sito web utilizza i cookie. Utilizziamo i cookie necessari per garantire le corrette funzionalit\u00e0 del sito web, per personalizzare contenuti ed annunci, per fornire funzionalit\u00e0 dei social media e per analizzare il nostro traffico. Condividiamo inoltre [&#8230;]<\/p>\n<p><a class=\"btn btn-secondary understrap-read-more-link\" href=\"https:\/\/fedrigonitopaward.com\/it\/cookie-policy\/\">Leggi di pi\u00f9&#8230;<\/a><\/p>\n","protected":false},"author":19,"featured_media":0,"parent":0,"menu_order":0,"comment_status":"closed","ping_status":"closed","template":"page-templates\/fullwidthpage.php","meta":{"_acf_changed":false,"footnotes":""},"class_list":["post-654","page","type-page","status-publish","hentry"],"acf":[],"yoast_head":"<!-- This site is optimized with the Yoast SEO plugin v27.3 - https:\/\/yoast.com\/product\/yoast-seo-wordpress\/ -->\n<title>Cookie policy - Fedrigoni Top Award<\/title>\n<meta name=\"robots\" content=\"index, follow, max-snippet:-1, max-image-preview:large, max-video-preview:-1\" \/>\n<link rel=\"canonical\" href=\"https:\/\/fedrigonitopaward.com\/it\/cookie-policy\/\" \/>\n<meta property=\"og:locale\" content=\"it_IT\" \/>\n<meta property=\"og:type\" content=\"article\" \/>\n<meta property=\"og:title\" content=\"Cookie policy - Fedrigoni Top Award\" \/>\n<meta property=\"og:description\" content=\"Il Titolare del trattamento \u00e8 Fedrigoni S.p.A. \u2013 Viale Piave 3 &#8211; 37135 Verona (IT) indirizzo email: privacy@fedrigoni.com Questo sito web utilizza i cookie. Utilizziamo i cookie necessari per garantire le corrette funzionalit\u00e0 del sito web, per personalizzare contenuti ed annunci, per fornire funzionalit\u00e0 dei social media e per analizzare il nostro traffico. Condividiamo inoltre [...]Leggi di pi\u00f9...\" \/>\n<meta property=\"og:url\" content=\"https:\/\/fedrigonitopaward.com\/it\/cookie-policy\/\" \/>\n<meta property=\"og:site_name\" content=\"Fedrigoni Top Award\" \/>\n<meta property=\"article:modified_time\" content=\"2026-01-27T11:49:51+00:00\" \/>\n<meta name=\"twitter:card\" content=\"summary_large_image\" \/>\n<meta name=\"twitter:label1\" content=\"Tempo di lettura stimato\" \/>\n\t<meta name=\"twitter:data1\" content=\"1 minuto\" \/>\n<script type=\"application\/ld+json\" class=\"yoast-schema-graph\">{\"@context\":\"https:\\\/\\\/schema.org\",\"@graph\":[{\"@type\":\"WebPage\",\"@id\":\"https:\\\/\\\/fedrigonitopaward.com\\\/it\\\/cookie-policy\\\/\",\"url\":\"https:\\\/\\\/fedrigonitopaward.com\\\/it\\\/cookie-policy\\\/\",\"name\":\"Cookie policy - Fedrigoni Top Award\",\"isPartOf\":{\"@id\":\"https:\\\/\\\/fedrigonitopaward.com\\\/it\\\/#website\"},\"datePublished\":\"2019-12-20T15:23:19+00:00\",\"dateModified\":\"2026-01-27T11:49:51+00:00\",\"breadcrumb\":{\"@id\":\"https:\\\/\\\/fedrigonitopaward.com\\\/it\\\/cookie-policy\\\/#breadcrumb\"},\"inLanguage\":\"it-IT\",\"potentialAction\":[{\"@type\":\"ReadAction\",\"target\":[\"https:\\\/\\\/fedrigonitopaward.com\\\/it\\\/cookie-policy\\\/\"]}]},{\"@type\":\"BreadcrumbList\",\"@id\":\"https:\\\/\\\/fedrigonitopaward.com\\\/it\\\/cookie-policy\\\/#breadcrumb\",\"itemListElement\":[{\"@type\":\"ListItem\",\"position\":1,\"name\":\"Home\",\"item\":\"https:\\\/\\\/fedrigonitopaward.com\\\/it\\\/\"},{\"@type\":\"ListItem\",\"position\":2,\"name\":\"Cookie policy\"}]},{\"@type\":\"WebSite\",\"@id\":\"https:\\\/\\\/fedrigonitopaward.com\\\/it\\\/#website\",\"url\":\"https:\\\/\\\/fedrigonitopaward.com\\\/it\\\/\",\"name\":\"Fedrigoni Top Award\",\"description\":\"Just another WordPress site\",\"publisher\":{\"@id\":\"https:\\\/\\\/fedrigonitopaward.com\\\/it\\\/#organization\"},\"potentialAction\":[{\"@type\":\"SearchAction\",\"target\":{\"@type\":\"EntryPoint\",\"urlTemplate\":\"https:\\\/\\\/fedrigonitopaward.com\\\/it\\\/?s={search_term_string}\"},\"query-input\":{\"@type\":\"PropertyValueSpecification\",\"valueRequired\":true,\"valueName\":\"search_term_string\"}}],\"inLanguage\":\"it-IT\"},{\"@type\":\"Organization\",\"@id\":\"https:\\\/\\\/fedrigonitopaward.com\\\/it\\\/#organization\",\"name\":\"Fedrigoni Top Award\",\"url\":\"https:\\\/\\\/fedrigonitopaward.com\\\/it\\\/\",\"logo\":{\"@type\":\"ImageObject\",\"inLanguage\":\"it-IT\",\"@id\":\"https:\\\/\\\/fedrigonitopaward.com\\\/it\\\/#\\\/schema\\\/logo\\\/image\\\/\",\"url\":\"https:\\\/\\\/fedrigonitopaward.com\\\/wp-content\\\/uploads\\\/2023\\\/09\\\/Logo_Top_Black_SVG.svg\",\"contentUrl\":\"https:\\\/\\\/fedrigonitopaward.com\\\/wp-content\\\/uploads\\\/2023\\\/09\\\/Logo_Top_Black_SVG.svg\",\"width\":1920,\"height\":2288,\"caption\":\"Fedrigoni Top Award\"},\"image\":{\"@id\":\"https:\\\/\\\/fedrigonitopaward.com\\\/it\\\/#\\\/schema\\\/logo\\\/image\\\/\"}}]}<\/script>\n<!-- \/ Yoast SEO plugin. -->","yoast_head_json":{"title":"Cookie policy - Fedrigoni Top Award","robots":{"index":"index","follow":"follow","max-snippet":"max-snippet:-1","max-image-preview":"max-image-preview:large","max-video-preview":"max-video-preview:-1"},"canonical":"https:\/\/fedrigonitopaward.com\/it\/cookie-policy\/","og_locale":"it_IT","og_type":"article","og_title":"Cookie policy - Fedrigoni Top Award","og_description":"Il Titolare del trattamento \u00e8 Fedrigoni S.p.A. \u2013 Viale Piave 3 &#8211; 37135 Verona (IT) indirizzo email: privacy@fedrigoni.com Questo sito web utilizza i cookie. Utilizziamo i cookie necessari per garantire le corrette funzionalit\u00e0 del sito web, per personalizzare contenuti ed annunci, per fornire funzionalit\u00e0 dei social media e per analizzare il nostro traffico. Condividiamo inoltre [...]Leggi di pi\u00f9...","og_url":"https:\/\/fedrigonitopaward.com\/it\/cookie-policy\/","og_site_name":"Fedrigoni Top Award","article_modified_time":"2026-01-27T11:49:51+00:00","twitter_card":"summary_large_image","twitter_misc":{"Tempo di lettura stimato":"1 minuto"},"schema":{"@context":"https:\/\/schema.org","@graph":[{"@type":"WebPage","@id":"https:\/\/fedrigonitopaward.com\/it\/cookie-policy\/","url":"https:\/\/fedrigonitopaward.com\/it\/cookie-policy\/","name":"Cookie policy - Fedrigoni Top Award","isPartOf":{"@id":"https:\/\/fedrigonitopaward.com\/it\/#website"},"datePublished":"2019-12-20T15:23:19+00:00","dateModified":"2026-01-27T11:49:51+00:00","breadcrumb":{"@id":"https:\/\/fedrigonitopaward.com\/it\/cookie-policy\/#breadcrumb"},"inLanguage":"it-IT","potentialAction":[{"@type":"ReadAction","target":["https:\/\/fedrigonitopaward.com\/it\/cookie-policy\/"]}]},{"@type":"BreadcrumbList","@id":"https:\/\/fedrigonitopaward.com\/it\/cookie-policy\/#breadcrumb","itemListElement":[{"@type":"ListItem","position":1,"name":"Home","item":"https:\/\/fedrigonitopaward.com\/it\/"},{"@type":"ListItem","position":2,"name":"Cookie policy"}]},{"@type":"WebSite","@id":"https:\/\/fedrigonitopaward.com\/it\/#website","url":"https:\/\/fedrigonitopaward.com\/it\/","name":"Fedrigoni Top Award","description":"Just another WordPress site","publisher":{"@id":"https:\/\/fedrigonitopaward.com\/it\/#organization"},"potentialAction":[{"@type":"SearchAction","target":{"@type":"EntryPoint","urlTemplate":"https:\/\/fedrigonitopaward.com\/it\/?s={search_term_string}"},"query-input":{"@type":"PropertyValueSpecification","valueRequired":true,"valueName":"search_term_string"}}],"inLanguage":"it-IT"},{"@type":"Organization","@id":"https:\/\/fedrigonitopaward.com\/it\/#organization","name":"Fedrigoni Top Award","url":"https:\/\/fedrigonitopaward.com\/it\/","logo":{"@type":"ImageObject","inLanguage":"it-IT","@id":"https:\/\/fedrigonitopaward.com\/it\/#\/schema\/logo\/image\/","url":"https:\/\/fedrigonitopaward.com\/wp-content\/uploads\/2023\/09\/Logo_Top_Black_SVG.svg","contentUrl":"https:\/\/fedrigonitopaward.com\/wp-content\/uploads\/2023\/09\/Logo_Top_Black_SVG.svg","width":1920,"height":2288,"caption":"Fedrigoni Top Award"},"image":{"@id":"https:\/\/fedrigonitopaward.com\/it\/#\/schema\/logo\/image\/"}}]}},"_links":{"self":[{"href":"https:\/\/fedrigonitopaward.com\/it\/wp-json\/wp\/v2\/pages\/654","targetHints":{"allow":["GET"]}}],"collection":[{"href":"https:\/\/fedrigonitopaward.com\/it\/wp-json\/wp\/v2\/pages"}],"about":[{"href":"https:\/\/fedrigonitopaward.com\/it\/wp-json\/wp\/v2\/types\/page"}],"author":[{"embeddable":true,"href":"https:\/\/fedrigonitopaward.com\/it\/wp-json\/wp\/v2\/users\/19"}],"replies":[{"embeddable":true,"href":"https:\/\/fedrigonitopaward.com\/it\/wp-json\/wp\/v2\/comments?post=654"}],"version-history":[{"count":3,"href":"https:\/\/fedrigonitopaward.com\/it\/wp-json\/wp\/v2\/pages\/654\/revisions"}],"predecessor-version":[{"id":55992,"href":"https:\/\/fedrigonitopaward.com\/it\/wp-json\/wp\/v2\/pages\/654\/revisions\/55992"}],"wp:attachment":[{"href":"https:\/\/fedrigonitopaward.com\/it\/wp-json\/wp\/v2\/media?parent=654"}],"curies":[{"name":"wp","href":"https:\/\/api.w.org\/{rel}","templated":true}]}}