{"id":644,"date":"2019-12-20T15:23:17","date_gmt":"2019-12-20T15:23:17","guid":{"rendered":"https:\/\/fedrigonitopaward.com\/\/?page_id=644"},"modified":"2022-05-23T12:46:46","modified_gmt":"2022-05-23T10:46:46","slug":"privacy","status":"publish","type":"page","link":"https:\/\/fedrigonitopaward.com\/it\/privacy\/","title":{"rendered":"Privacy"},"content":{"rendered":"\n<h4 class=\"wp-block-heading\">INFORMATIVA AI SENSI DEL REGOLAMENTO EUROPEO (UE) 679\/2016 \u2013 UTENTI PORTALI WEB<\/h4>\n\n\n\n<p><strong>1. Titolare del trattamento<\/strong><\/p>\n\n\n\n<p>Il Titolare del trattamento \u00e8 Fedrigoni S.p.A. &#8211; Via Enrico Fermi 13\/F, 37135, Verona (VR) Italy.<br>Per esercitare i diritti previsti dalla normativa vigente (v. di seguito \u201cDiritti dell\u2019interessato\u201d), nonch\u00e9 per qualsiasi altra richiesta privacy, potr\u00e0 contattare il Titolare scrivendo a: <a href=\"mailto:privacy@fedrigoni.com\">privacy@fedrigoni.com<\/a>.<\/p>\n\n\n\n<p><strong>2. Trattamenti effettuati<\/strong><\/p>\n\n\n\n<p><strong>a. Gestione registrazione al portale<\/strong><\/p>\n\n\n\n<p>\u2022 <strong>Finalit\u00e0<\/strong>: il portale web permette la registrazione degli utenti, che possono in tal modo creare la propria area riservata ed accedere ad informazioni riservate ed esclusive all\u2019interno della piattaforma.<br>\u2022 <strong>Base giuridica<\/strong>: la registrazione viene effettuata sulla base del consenso dell\u2019interessato.<br>\u2022 <strong>Conservazione dei dati<\/strong>: i dati sono conservati per il tempo necessario alla gestione del servizio di registrazione nel portale messo a disposizione dell\u2019utente.<br>Al completamento della procedura di registrazione l\u2019utente viene censito nei sistemi aziendali, e ha la possibilit\u00e0 di richiedere in ogni momento la disabilitazione della propria utenza attraverso i canali di comunicazione indicati al punto 1.<\/p>\n\n\n\n<p><strong>b. Gestione comunicazioni dell\u2019utente<\/strong><\/p>\n\n\n\n<p>\u2022 <strong>Finalit\u00e0<\/strong>: l&#8217;invio volontario di messaggi agli indirizzi di contatto indicati su questo portale e la compilazione dei \u201cform\u201d, comportano l&#8217;acquisizione dei dati di contatto del mittente, nonch\u00e9 di tutti i dati personali inclusi nelle comunicazioni, necessari a soddisfare specifiche richieste inoltrate al Titolare. I dati sono trattati per la gestione della comunicazione sulla base della necessit\u00e0 di erogare il servizio di comunicazione messo a disposizione dell\u2019utente.<br>\u2022<strong> Base giuridica<\/strong>: il trattamento \u00e8 svolto sulla base del consenso dell\u2019interessato che invia la comunicazione.<br><strong>\u2022 Conservazione dei dati<\/strong>: i dati dell\u2019utente sono registrati da parte del Titolare e conservati per il tempo necessario alla gestione della comunicazione, al fine di gestire il rapporto commerciale con l\u2019utente stesso, previo il suo consenso , revocabile in ogni momento con una richiesta attraverso i canali di comunicazione indicati al punto 1.<\/p>\n\n\n\n<p><strong>c. Invio Newsletter<\/strong><\/p>\n\n\n\n<p>\u2022 <strong>Finalit\u00e0<\/strong>: al momento della registrazione al portale e\/o dell\u2019invio di comunicazioni attraverso i \u201cform\u201d presenti sulla piattaforma, l\u2019utente pu\u00f2 effettuare l\u2019iscrizione a servizi di newsletter su aggiornamenti e promozioni relative all\u2019offerta di prodotti e servizi.<br>\u2022 <strong>Base giuridica<\/strong>: i dati sono trattati sulla base del consenso fornito dall\u2019utente, nel rispetto dell\u2019articolo 6, paragrafo 1, lettera a), GDPR.<br>\u2022 <strong>Conservazione dei dati<\/strong>: i dati sono conservati per il tempo necessario alla gestione del servizio Newsletter messo a disposizione dell\u2019utente, che pu\u00f2 in ogni momento scegliere di interrompere l\u2019invio delle newsletter revocando il consenso prestato, attraverso la specifica funzionalit\u00e0 presente in ogni comunicazione ricevuta, oppure facendone richiesta attraverso i canali di comunicazione indicati al punto 1.<\/p>\n\n\n\n<p><strong>d. Gestione candidature<\/strong><\/p>\n\n\n\n<p>Attraverso il portale \u00e8 possibile accedere all\u2019area per la consultazione delle posizioni lavorative e la gestione della propria candidatura. Per tale trattamento si rinvia all\u2019informativa candidati, presente nella sezione dedicata.<\/p>\n\n\n\n<p><strong>e. Gestione dati di navigazione<\/strong><\/p>\n\n\n\n<p>\u2022 <strong>Finalit\u00e0<\/strong>: gli strumenti utilizzati per garantire il funzionamento e la sicurezza del portale possono acquisire, nel corso del loro normale esercizio, alcune informazioni che non sono raccolte per essere associate ai soggetti interessati, ma che a seguito di elaborazioni potrebbero permettere di identificare gli utenti (es. indirizzi IP, nomi a dominio dei computer, etc.). Tali informazioni sono raccolte per garantire la sicurezza e il corretto funzionamento del portale.<br>\u2022 <strong>Base giuridica<\/strong>: i dati sono trattati nel legittimo interesse del Titolare, nel rispetto dell\u2019articolo 6, paragrafo 1, lettera f), GDPR.<br>\u2022 <strong>Conservazione dei dati<\/strong>: i dati sono conservati per il tempo strettamente necessario a perseguire le finalit\u00e0 indicate.<\/p>\n\n\n\n<p><strong>f. Conservazione dei contatti commerciali<\/strong><\/p>\n\n\n\n<p>\u2022 <strong>Finalit\u00e0<\/strong>: i dati di contatto da lei forniti sono conservati e trattati per la gestione dei suoi contatti professionali, in qualit\u00e0 di punto di contatto come cliente\/prospect.<br>\u2022 <strong>Base legale<\/strong>: l\u2019attivit\u00e0 di gestione delle sue informazioni di contatto \u00e8 svolta in forza di un contratto vigente tra le parti ovvero in ragione di un interesse commerciale funzionale alla futura instaurazione di rapporti contrattuali.<br>In ogni momento lei potr\u00e0 chiedere la cancellazione dei suoi contatti facendone richiesta attraverso i canali di comunicazione indicati al punto 1.<br>\u2022 <strong>Conservazione dei dati<\/strong>: i dati saranno conservati per 36 mesi a dall\u2019ultimo contatto professionale intercorso; nel caso in cui sia instaurato un rapporto contrattuale, i dati saranno conservati fino alla cessazione degli effetti giuridici da questo derivanti.<\/p>\n\n\n\n<p><strong>g. Invio comunicazioni commerciali B2B<\/strong><\/p>\n\n\n\n<p>\u2022 <strong>Finalit\u00e0<\/strong>: i dati di contatto da lei forniti nell\u2019ambito dell\u2019instaurazione\/mantenimento di un rapporto professionale\/commerciale, sono conservati e trattati per l\u2019invio di comunicazioni promozionali e di aggiornamento, e l\u2019invio di questionari di gradimento per raccogliere feedback e spunti di miglioramento.<br>\u2022 <strong>Base legale<\/strong>: l\u2019attivit\u00e0 di trattamento viene svolta in forza dell\u2019interesse legittimo del Titolare a mantenere e migliorare i contatti professionali con le proprie controparti commerciali attuali o potenziali.<br>\u2022 <strong>Conservazione dei dati<\/strong>: i dati saranno trattati per l\u2019invio di comunicazioni per 36 mesi a partire dall\u2019ultimo contatto professionale intercorso. In ogni momento lei potr\u00e0 chiedere di non ricevere tali comunicazioni, selezionando il link presente nella Welcome Mail ricevuta, oppure facendone richiesta attraverso i canali di comunicazione indicati al punto 1.<\/p>\n\n\n\n<p><strong>h. Iscrizione e comunicazioni Fedrigoni Top Awards<\/strong><\/p>\n\n\n\n<p>\u2022 <strong>Finalit\u00e0<\/strong>: i dati di contatto da lei forniti nell\u2019ambito dell\u2019iscrizione all\u2019evento Fedrigoni Top Awards, sono conservati e trattati per la gestione dell\u2019iscrizione, e successivamente per l\u2019invio di comunicazioni di aggiornamento (es. premiazioni, successive edizioni, etc.).<br>\u2022 <strong>Base legale<\/strong>: l\u2019attivit\u00e0 di trattamento viene svolta in forza dell\u2019interesse legittimo del Titolare a gestire il processo di partecipazione degli iscritti e mantenere i partecipanti aggiornati sull\u2019evoluzione dell\u2019iniziativa Top Awards.<br>\u2022 <strong>Conservazione dei dati<\/strong>: i dati sono conservati per il tempo necessario alla gestione della partecipazione dell\u2019evento, e successivamente per l\u2019invio delle comunicazioni di cui sopra. L\u2019utente, pu\u00f2 in ogni momento richiedere di interrompere l\u2019invio delle newsletter attraverso la specifica funzionalit\u00e0 presente in ogni comunicazione ricevuta, oppure facendone richiesta attraverso i canali di comunicazione indicati al punto 1.<\/p>\n\n\n\n<p><strong>i. Gestione cookies<\/strong><\/p>\n\n\n\n<p>Il portale fa utilizzo di cookies attraverso i quali possono essere trattati dati personali da parte dell\u2019utente. Per tale trattamento si invita a visionare la Cookie Policy.<\/p>\n\n\n\n<p><strong>3. Modalit\u00e0 di trattamento<\/strong><\/p>\n\n\n\n<p>Il trattamento dei Suoi dati personali avverr\u00e0, nel rispetto delle disposizioni previste dalla normativa in materia di protezione dei dati personali, mediante strumenti cartacei, informatici e telematici, con modalit\u00e0 e mezzi idonei a garantirne la sicurezza e la riservatezza in conformit\u00e0 alle disposizioni previste dall\u2019articolo 32 GDPR.<\/p>\n\n\n\n<p><strong>4. Soggetti a cui possono essere comunicati i suoi dati personali<\/strong><\/p>\n\n\n\n<p>Per il perseguimento delle finalit\u00e0 descritte precedentemente, i Suoi dati personali potranno essere conosciuti dai dipendenti, dal personale assimilato, dai collaboratori e dagli agenti del Titolare che opereranno in qualit\u00e0 di soggetti autorizzati al trattamento e\/o responsabili del trattamento.<\/p>\n\n\n\n<p>Il Titolare, nel perseguire le finalit\u00e0 sopra descritte pu\u00f2 avere la necessit\u00e0 di comunicare i Suoi dati personali a soggetti terzi, appartenenti, a titolo esemplificativo, alle seguenti categorie:<br>\u2022 societ\u00e0 appartenenti al Gruppo Fedrigoni;<br>\u2022 societ\u00e0 che offrono servizi ICT (es. gestione portale web), servizi di comunicazione (es. gestione mailing list), gestione delle candidature.<\/p>\n\n\n\n<p>Il Titolare pu\u00f2 trasferire i Suoi dati personali in paesi terzi extra UE ad una delle seguenti condizioni: che si tratti o di paese terzo ritenuto adeguato ex Art. 45 GDPR o di paese per il quale il Titolare fornisce garanzie adeguate circa la tutela dei dati ex Artt. 46 e 47 GDPR e sempre a condizione che gli interessati dispongano di diritti azionabili e mezzi di ricorso effettivi.<\/p>\n\n\n\n<p><strong>5. Diritti dell\u2019interessato<\/strong><\/p>\n\n\n\n<p>Il Titolare pone particolare attenzione alla protezione dei Suoi dati e La informa che, alle condizioni previste dalla normativa vigente, pu\u00f2 esercitare i seguenti diritti:<\/p>\n\n\n\n<p>\u2022 <strong>diritto di accesso<\/strong> \u2013 diritto di ottenere conferma che sia o meno in corso un trattamento di dati personali che La riguardano e, in tal caso, ottenere l&#8217;accesso ai Suoi dati personali \u2013 compresa una copia degli stessi;<br>\u2022 <strong>diritto di rettifica<\/strong> \u2013 ove applicabile, diritto di ottenere, senza ingiustificato ritardo, la rettifica dei dati personali inesatti che La riguardano e\/o l\u2019integrazione dei dati personali incompleti;<br>\u2022 <strong>diritto alla cancellazione (diritto all\u2019oblio)<\/strong> \u2013 ove applicabile, diritto di ottenere, senza ingiustificato ritardo, la cancellazione dei dati personali che La riguardano;<br>\u2022 <strong>diritto di limitazione di trattamento<\/strong> \u2013 ove applicabile, diritto di ottenere la limitazione del trattamento, quando ricorrano i presupposti di legge;<br>\u2022 <strong>diritto alla portabilit\u00e0 dei dati<\/strong> \u2013 ove applicabile, diritto di ricevere, in un formato strutturato, di uso comune e leggibile da un dispositivo automatico, i dati personali che La riguardano forniti al Titolare e il diritto di richiederne la trasmissione ad un altro Titolare;<br>\u2022 <strong>diritto di opposizione<\/strong> \u2013 diritto di opporsi, in qualsiasi momento, al trattamento dei dati personali che La riguardano al ricorrere delle previsioni individuate dalla normativa;<br>\u2022 <strong>revocare il consenso<\/strong> \u2013 diritto a richiedere in qualsiasi momento la revoca del consenso prestato, senza che ci\u00f2 pregiudichi la liceit\u00e0 del trattamento basata sul consenso prestato prima della revoca.<\/p>\n\n\n\n<p>I diritti di cui sopra potranno essere esercitati, nei confronti del Titolare, contattando i riferimenti indicati nel precedente punto 1.<\/p>\n\n\n\n<p>Per conoscere i propri diritti, proporre un reclamo ed essere sempre aggiornato sulla normativa in materia di tutela delle persone rispetto al trattamento dei dati personali, pu\u00f2 rivolgersi all\u2019Autorit\u00e0 Garante per la protezione dei dati personali, consultando il sito web all\u2019indirizzo <a href=\"http:\/\/www.garanteprivacy.it\/\" target=\"_blank\" rel=\"noreferrer noopener\">http:\/\/www.garanteprivacy.it\/<\/a>.<\/p>\n","protected":false},"excerpt":{"rendered":"<p>INFORMATIVA AI SENSI DEL REGOLAMENTO EUROPEO (UE) 679\/2016 \u2013 UTENTI PORTALI WEB 1. Titolare del trattamento Il Titolare del trattamento \u00e8 Fedrigoni S.p.A. &#8211; Via Enrico Fermi 13\/F, 37135, Verona (VR) Italy.Per esercitare i diritti previsti dalla normativa vigente (v. di seguito \u201cDiritti dell\u2019interessato\u201d), nonch\u00e9 per qualsiasi altra richiesta privacy, potr\u00e0 contattare il Titolare scrivendo [&#8230;]<\/p>\n<p><a class=\"btn btn-secondary understrap-read-more-link\" href=\"https:\/\/fedrigonitopaward.com\/it\/privacy\/\">Leggi di pi\u00f9&#8230;<\/a><\/p>\n","protected":false},"author":19,"featured_media":0,"parent":0,"menu_order":0,"comment_status":"closed","ping_status":"closed","template":"page-templates\/fullwidthpage.php","meta":{"_acf_changed":false,"footnotes":""},"class_list":["post-644","page","type-page","status-publish","hentry"],"acf":[],"yoast_head":"<!-- This site is optimized with the Yoast SEO plugin v27.3 - https:\/\/yoast.com\/product\/yoast-seo-wordpress\/ -->\n<title>Privacy - Fedrigoni Top Award<\/title>\n<meta name=\"robots\" content=\"index, follow, max-snippet:-1, max-image-preview:large, max-video-preview:-1\" \/>\n<link rel=\"canonical\" href=\"https:\/\/fedrigonitopaward.com\/it\/privacy\/\" \/>\n<meta property=\"og:locale\" content=\"it_IT\" \/>\n<meta property=\"og:type\" content=\"article\" \/>\n<meta property=\"og:title\" content=\"Privacy - Fedrigoni Top Award\" \/>\n<meta property=\"og:description\" content=\"INFORMATIVA AI SENSI DEL REGOLAMENTO EUROPEO (UE) 679\/2016 \u2013 UTENTI PORTALI WEB 1. Titolare del trattamento Il Titolare del trattamento \u00e8 Fedrigoni S.p.A. &#8211; Via Enrico Fermi 13\/F, 37135, Verona (VR) Italy.Per esercitare i diritti previsti dalla normativa vigente (v. di seguito \u201cDiritti dell\u2019interessato\u201d), nonch\u00e9 per qualsiasi altra richiesta privacy, potr\u00e0 contattare il Titolare scrivendo [...]Leggi di pi\u00f9...\" \/>\n<meta property=\"og:url\" content=\"https:\/\/fedrigonitopaward.com\/it\/privacy\/\" \/>\n<meta property=\"og:site_name\" content=\"Fedrigoni Top Award\" \/>\n<meta property=\"article:modified_time\" content=\"2022-05-23T10:46:46+00:00\" \/>\n<meta name=\"twitter:card\" content=\"summary_large_image\" \/>\n<meta name=\"twitter:label1\" content=\"Tempo di lettura stimato\" \/>\n\t<meta name=\"twitter:data1\" content=\"7 minuti\" \/>\n<script type=\"application\/ld+json\" class=\"yoast-schema-graph\">{\"@context\":\"https:\\\/\\\/schema.org\",\"@graph\":[{\"@type\":\"WebPage\",\"@id\":\"https:\\\/\\\/fedrigonitopaward.com\\\/it\\\/privacy\\\/\",\"url\":\"https:\\\/\\\/fedrigonitopaward.com\\\/it\\\/privacy\\\/\",\"name\":\"Privacy - Fedrigoni Top Award\",\"isPartOf\":{\"@id\":\"https:\\\/\\\/fedrigonitopaward.com\\\/it\\\/#website\"},\"datePublished\":\"2019-12-20T15:23:17+00:00\",\"dateModified\":\"2022-05-23T10:46:46+00:00\",\"breadcrumb\":{\"@id\":\"https:\\\/\\\/fedrigonitopaward.com\\\/it\\\/privacy\\\/#breadcrumb\"},\"inLanguage\":\"it-IT\",\"potentialAction\":[{\"@type\":\"ReadAction\",\"target\":[\"https:\\\/\\\/fedrigonitopaward.com\\\/it\\\/privacy\\\/\"]}]},{\"@type\":\"BreadcrumbList\",\"@id\":\"https:\\\/\\\/fedrigonitopaward.com\\\/it\\\/privacy\\\/#breadcrumb\",\"itemListElement\":[{\"@type\":\"ListItem\",\"position\":1,\"name\":\"Home\",\"item\":\"https:\\\/\\\/fedrigonitopaward.com\\\/it\\\/\"},{\"@type\":\"ListItem\",\"position\":2,\"name\":\"Privacy\"}]},{\"@type\":\"WebSite\",\"@id\":\"https:\\\/\\\/fedrigonitopaward.com\\\/it\\\/#website\",\"url\":\"https:\\\/\\\/fedrigonitopaward.com\\\/it\\\/\",\"name\":\"Fedrigoni Top Award\",\"description\":\"Just another WordPress site\",\"publisher\":{\"@id\":\"https:\\\/\\\/fedrigonitopaward.com\\\/it\\\/#organization\"},\"potentialAction\":[{\"@type\":\"SearchAction\",\"target\":{\"@type\":\"EntryPoint\",\"urlTemplate\":\"https:\\\/\\\/fedrigonitopaward.com\\\/it\\\/?s={search_term_string}\"},\"query-input\":{\"@type\":\"PropertyValueSpecification\",\"valueRequired\":true,\"valueName\":\"search_term_string\"}}],\"inLanguage\":\"it-IT\"},{\"@type\":\"Organization\",\"@id\":\"https:\\\/\\\/fedrigonitopaward.com\\\/it\\\/#organization\",\"name\":\"Fedrigoni Top Award\",\"url\":\"https:\\\/\\\/fedrigonitopaward.com\\\/it\\\/\",\"logo\":{\"@type\":\"ImageObject\",\"inLanguage\":\"it-IT\",\"@id\":\"https:\\\/\\\/fedrigonitopaward.com\\\/it\\\/#\\\/schema\\\/logo\\\/image\\\/\",\"url\":\"https:\\\/\\\/fedrigonitopaward.com\\\/wp-content\\\/uploads\\\/2023\\\/09\\\/Logo_Top_Black_SVG.svg\",\"contentUrl\":\"https:\\\/\\\/fedrigonitopaward.com\\\/wp-content\\\/uploads\\\/2023\\\/09\\\/Logo_Top_Black_SVG.svg\",\"width\":1920,\"height\":2288,\"caption\":\"Fedrigoni Top Award\"},\"image\":{\"@id\":\"https:\\\/\\\/fedrigonitopaward.com\\\/it\\\/#\\\/schema\\\/logo\\\/image\\\/\"}}]}<\/script>\n<!-- \/ Yoast SEO plugin. -->","yoast_head_json":{"title":"Privacy - Fedrigoni Top Award","robots":{"index":"index","follow":"follow","max-snippet":"max-snippet:-1","max-image-preview":"max-image-preview:large","max-video-preview":"max-video-preview:-1"},"canonical":"https:\/\/fedrigonitopaward.com\/it\/privacy\/","og_locale":"it_IT","og_type":"article","og_title":"Privacy - Fedrigoni Top Award","og_description":"INFORMATIVA AI SENSI DEL REGOLAMENTO EUROPEO (UE) 679\/2016 \u2013 UTENTI PORTALI WEB 1. Titolare del trattamento Il Titolare del trattamento \u00e8 Fedrigoni S.p.A. &#8211; Via Enrico Fermi 13\/F, 37135, Verona (VR) Italy.Per esercitare i diritti previsti dalla normativa vigente (v. di seguito \u201cDiritti dell\u2019interessato\u201d), nonch\u00e9 per qualsiasi altra richiesta privacy, potr\u00e0 contattare il Titolare scrivendo [...]Leggi di pi\u00f9...","og_url":"https:\/\/fedrigonitopaward.com\/it\/privacy\/","og_site_name":"Fedrigoni Top Award","article_modified_time":"2022-05-23T10:46:46+00:00","twitter_card":"summary_large_image","twitter_misc":{"Tempo di lettura stimato":"7 minuti"},"schema":{"@context":"https:\/\/schema.org","@graph":[{"@type":"WebPage","@id":"https:\/\/fedrigonitopaward.com\/it\/privacy\/","url":"https:\/\/fedrigonitopaward.com\/it\/privacy\/","name":"Privacy - Fedrigoni Top Award","isPartOf":{"@id":"https:\/\/fedrigonitopaward.com\/it\/#website"},"datePublished":"2019-12-20T15:23:17+00:00","dateModified":"2022-05-23T10:46:46+00:00","breadcrumb":{"@id":"https:\/\/fedrigonitopaward.com\/it\/privacy\/#breadcrumb"},"inLanguage":"it-IT","potentialAction":[{"@type":"ReadAction","target":["https:\/\/fedrigonitopaward.com\/it\/privacy\/"]}]},{"@type":"BreadcrumbList","@id":"https:\/\/fedrigonitopaward.com\/it\/privacy\/#breadcrumb","itemListElement":[{"@type":"ListItem","position":1,"name":"Home","item":"https:\/\/fedrigonitopaward.com\/it\/"},{"@type":"ListItem","position":2,"name":"Privacy"}]},{"@type":"WebSite","@id":"https:\/\/fedrigonitopaward.com\/it\/#website","url":"https:\/\/fedrigonitopaward.com\/it\/","name":"Fedrigoni Top Award","description":"Just another WordPress site","publisher":{"@id":"https:\/\/fedrigonitopaward.com\/it\/#organization"},"potentialAction":[{"@type":"SearchAction","target":{"@type":"EntryPoint","urlTemplate":"https:\/\/fedrigonitopaward.com\/it\/?s={search_term_string}"},"query-input":{"@type":"PropertyValueSpecification","valueRequired":true,"valueName":"search_term_string"}}],"inLanguage":"it-IT"},{"@type":"Organization","@id":"https:\/\/fedrigonitopaward.com\/it\/#organization","name":"Fedrigoni Top Award","url":"https:\/\/fedrigonitopaward.com\/it\/","logo":{"@type":"ImageObject","inLanguage":"it-IT","@id":"https:\/\/fedrigonitopaward.com\/it\/#\/schema\/logo\/image\/","url":"https:\/\/fedrigonitopaward.com\/wp-content\/uploads\/2023\/09\/Logo_Top_Black_SVG.svg","contentUrl":"https:\/\/fedrigonitopaward.com\/wp-content\/uploads\/2023\/09\/Logo_Top_Black_SVG.svg","width":1920,"height":2288,"caption":"Fedrigoni Top Award"},"image":{"@id":"https:\/\/fedrigonitopaward.com\/it\/#\/schema\/logo\/image\/"}}]}},"_links":{"self":[{"href":"https:\/\/fedrigonitopaward.com\/it\/wp-json\/wp\/v2\/pages\/644","targetHints":{"allow":["GET"]}}],"collection":[{"href":"https:\/\/fedrigonitopaward.com\/it\/wp-json\/wp\/v2\/pages"}],"about":[{"href":"https:\/\/fedrigonitopaward.com\/it\/wp-json\/wp\/v2\/types\/page"}],"author":[{"embeddable":true,"href":"https:\/\/fedrigonitopaward.com\/it\/wp-json\/wp\/v2\/users\/19"}],"replies":[{"embeddable":true,"href":"https:\/\/fedrigonitopaward.com\/it\/wp-json\/wp\/v2\/comments?post=644"}],"version-history":[{"count":2,"href":"https:\/\/fedrigonitopaward.com\/it\/wp-json\/wp\/v2\/pages\/644\/revisions"}],"predecessor-version":[{"id":36751,"href":"https:\/\/fedrigonitopaward.com\/it\/wp-json\/wp\/v2\/pages\/644\/revisions\/36751"}],"wp:attachment":[{"href":"https:\/\/fedrigonitopaward.com\/it\/wp-json\/wp\/v2\/media?parent=644"}],"curies":[{"name":"wp","href":"https:\/\/api.w.org\/{rel}","templated":true}]}}