{"id":516,"date":"2019-11-12T16:40:09","date_gmt":"2019-11-12T16:40:09","guid":{"rendered":"https:\/\/fedrigonitopaward.com\/\/what-is-it\/"},"modified":"2023-09-20T09:44:16","modified_gmt":"2023-09-20T07:44:16","slug":"che-cosa-e","status":"publish","type":"page","link":"https:\/\/fedrigonitopaward.com\/it\/il-premio\/che-cosa-e\/","title":{"rendered":"Che cos&#8217;\u00e8"},"content":{"rendered":"\n<p>Top Award \u00e8 uno dei&nbsp;momenti migliori del nostro gi\u00e0 splendido lavoro, e l\u2019entusiasmo quando iniziamo a ricevere i lavori&nbsp;\u00e8&nbsp;grande.&nbsp;<\/p>\n\n\n\n<p>Per noi \u00e8 come il momento del raccolto nell\u2019orto: dopo tanto impegno nel realizzare carte speciali e materiali autoadesivi secondo le esigenze dei clienti, della moda e della tecnologia, vediamo ogni 18 mesi tornare verso di noi i frutti\u00a0completi\u00a0del lavoro dell\u2019intera filiera:\u00a0Top Award\u00a0infatti\u00a0\u00e8\u00a0l\u2019unico al mondo che premia grafico, stampatore e cliente insieme per l\u2019uso migliore dei prodotti\u00a0Fedrigoni.<\/p>\n\n\n\n<p>E dunque Autori, grafici, editori, stampatori, case di moda,\u00a0packagers\u00a0lavorano intorno alla materia prima\u00a0Fedrigoni, alle capacit\u00e0 dei macchinari,\u00a0al prodotto da contenere e accompagnare e presentare, per\u00a0realizzare progetti di qualit\u00e0. L\u2019amore per il lavoro ben fatto, che sia un piccolo libro per diffusione privata, un&#8217;etichetta per il vino o un astuccio per un cosmetico,\u00a0\u00e8 la costante in tutti i lavori che vediamo.<\/p>\n\n\n\n<p>Vediamo una attenzione e un uso intelligente delle risorse.&nbsp;La costrizione dei budget degli anni post crisi&nbsp;porta&nbsp;a ricercare forme essenziali, a cercare strade nuove, spesso sperimentali nel mix di tecnologie digitali e aspetti artigianali, arrivando a una forma raffinata di semplicit\u00e0. I vincoli servono ad aguzzare l\u2019ingegno.<\/p>\n\n\n\n<p>Qualsiasi sia il motivo che porta i nostri clienti ad utilizzare la carta, stampandola, piegandola, per accompagnare idee e prodotti, l\u2019esigenza rispetto al materiale \u00e8 la medesima: bellezza e originalit\u00e0, perfezione tecnica, disponibilit\u00e0. Mettiamo da sempre il massimo impegno nell\u2019accompagnare i progetti dei clienti, e la nostra soddisfazione \u00e8 immensa quando vediamo le meravigliose creazioni che grafici, stampatori e clienti finali riescono a produrre con&nbsp;Fedrigoni.&nbsp;&nbsp;<\/p>\n\n\n\n<p><\/p>\n","protected":false},"excerpt":{"rendered":"<p>Top Award \u00e8 uno dei&nbsp;momenti migliori del nostro gi\u00e0 splendido lavoro, e l\u2019entusiasmo quando iniziamo a ricevere i lavori&nbsp;\u00e8&nbsp;grande.&nbsp; Per noi \u00e8 come il momento del raccolto nell\u2019orto: dopo tanto impegno nel realizzare carte speciali e materiali autoadesivi secondo le esigenze dei clienti, della moda e della tecnologia, vediamo ogni 18 mesi tornare verso di [&#8230;]<\/p>\n<p><a class=\"btn btn-secondary understrap-read-more-link\" href=\"https:\/\/fedrigonitopaward.com\/it\/il-premio\/che-cosa-e\/\">Leggi di pi\u00f9&#8230;<\/a><\/p>\n","protected":false},"author":19,"featured_media":0,"parent":574,"menu_order":0,"comment_status":"closed","ping_status":"closed","template":"page-templates\/fullwidthpage.php","meta":{"_acf_changed":false,"footnotes":""},"class_list":["post-516","page","type-page","status-publish","hentry"],"acf":[],"yoast_head":"<!-- This site is optimized with the Yoast SEO plugin v27.3 - https:\/\/yoast.com\/product\/yoast-seo-wordpress\/ -->\n<title>Che cos&#039;\u00e8 - Fedrigoni Top Award<\/title>\n<meta name=\"robots\" content=\"index, follow, max-snippet:-1, max-image-preview:large, max-video-preview:-1\" \/>\n<link rel=\"canonical\" href=\"https:\/\/fedrigonitopaward.com\/it\/il-premio\/che-cosa-e\/\" \/>\n<meta property=\"og:locale\" content=\"it_IT\" \/>\n<meta property=\"og:type\" content=\"article\" \/>\n<meta property=\"og:title\" content=\"Che cos&#039;\u00e8 - Fedrigoni Top Award\" \/>\n<meta property=\"og:description\" content=\"Top Award \u00e8 uno dei&nbsp;momenti migliori del nostro gi\u00e0 splendido lavoro, e l\u2019entusiasmo quando iniziamo a ricevere i lavori&nbsp;\u00e8&nbsp;grande.&nbsp; Per noi \u00e8 come il momento del raccolto nell\u2019orto: dopo tanto impegno nel realizzare carte speciali e materiali autoadesivi secondo le esigenze dei clienti, della moda e della tecnologia, vediamo ogni 18 mesi tornare verso di [...]Leggi di pi\u00f9...\" \/>\n<meta property=\"og:url\" content=\"https:\/\/fedrigonitopaward.com\/it\/il-premio\/che-cosa-e\/\" \/>\n<meta property=\"og:site_name\" content=\"Fedrigoni Top Award\" \/>\n<meta property=\"article:modified_time\" content=\"2023-09-20T07:44:16+00:00\" \/>\n<meta name=\"twitter:card\" content=\"summary_large_image\" \/>\n<meta name=\"twitter:label1\" content=\"Tempo di lettura stimato\" \/>\n\t<meta name=\"twitter:data1\" content=\"2 minuti\" \/>\n<script type=\"application\/ld+json\" class=\"yoast-schema-graph\">{\"@context\":\"https:\\\/\\\/schema.org\",\"@graph\":[{\"@type\":\"WebPage\",\"@id\":\"https:\\\/\\\/fedrigonitopaward.com\\\/it\\\/il-premio\\\/che-cosa-e\\\/\",\"url\":\"https:\\\/\\\/fedrigonitopaward.com\\\/it\\\/il-premio\\\/che-cosa-e\\\/\",\"name\":\"Che cos'\u00e8 - Fedrigoni Top Award\",\"isPartOf\":{\"@id\":\"https:\\\/\\\/fedrigonitopaward.com\\\/it\\\/#website\"},\"datePublished\":\"2019-11-12T16:40:09+00:00\",\"dateModified\":\"2023-09-20T07:44:16+00:00\",\"breadcrumb\":{\"@id\":\"https:\\\/\\\/fedrigonitopaward.com\\\/it\\\/il-premio\\\/che-cosa-e\\\/#breadcrumb\"},\"inLanguage\":\"it-IT\",\"potentialAction\":[{\"@type\":\"ReadAction\",\"target\":[\"https:\\\/\\\/fedrigonitopaward.com\\\/it\\\/il-premio\\\/che-cosa-e\\\/\"]}]},{\"@type\":\"BreadcrumbList\",\"@id\":\"https:\\\/\\\/fedrigonitopaward.com\\\/it\\\/il-premio\\\/che-cosa-e\\\/#breadcrumb\",\"itemListElement\":[{\"@type\":\"ListItem\",\"position\":1,\"name\":\"Home\",\"item\":\"https:\\\/\\\/fedrigonitopaward.com\\\/it\\\/\"},{\"@type\":\"ListItem\",\"position\":2,\"name\":\"Il premio\",\"item\":\"https:\\\/\\\/fedrigonitopaward.com\\\/it\\\/il-premio\\\/\"},{\"@type\":\"ListItem\",\"position\":3,\"name\":\"Che cos&#8217;\u00e8\"}]},{\"@type\":\"WebSite\",\"@id\":\"https:\\\/\\\/fedrigonitopaward.com\\\/it\\\/#website\",\"url\":\"https:\\\/\\\/fedrigonitopaward.com\\\/it\\\/\",\"name\":\"Fedrigoni Top Award\",\"description\":\"Just another WordPress site\",\"publisher\":{\"@id\":\"https:\\\/\\\/fedrigonitopaward.com\\\/it\\\/#organization\"},\"potentialAction\":[{\"@type\":\"SearchAction\",\"target\":{\"@type\":\"EntryPoint\",\"urlTemplate\":\"https:\\\/\\\/fedrigonitopaward.com\\\/it\\\/?s={search_term_string}\"},\"query-input\":{\"@type\":\"PropertyValueSpecification\",\"valueRequired\":true,\"valueName\":\"search_term_string\"}}],\"inLanguage\":\"it-IT\"},{\"@type\":\"Organization\",\"@id\":\"https:\\\/\\\/fedrigonitopaward.com\\\/it\\\/#organization\",\"name\":\"Fedrigoni Top Award\",\"url\":\"https:\\\/\\\/fedrigonitopaward.com\\\/it\\\/\",\"logo\":{\"@type\":\"ImageObject\",\"inLanguage\":\"it-IT\",\"@id\":\"https:\\\/\\\/fedrigonitopaward.com\\\/it\\\/#\\\/schema\\\/logo\\\/image\\\/\",\"url\":\"https:\\\/\\\/fedrigonitopaward.com\\\/wp-content\\\/uploads\\\/2023\\\/09\\\/Logo_Top_Black_SVG.svg\",\"contentUrl\":\"https:\\\/\\\/fedrigonitopaward.com\\\/wp-content\\\/uploads\\\/2023\\\/09\\\/Logo_Top_Black_SVG.svg\",\"width\":1920,\"height\":2288,\"caption\":\"Fedrigoni Top Award\"},\"image\":{\"@id\":\"https:\\\/\\\/fedrigonitopaward.com\\\/it\\\/#\\\/schema\\\/logo\\\/image\\\/\"}}]}<\/script>\n<!-- \/ Yoast SEO plugin. -->","yoast_head_json":{"title":"Che cos'\u00e8 - Fedrigoni Top Award","robots":{"index":"index","follow":"follow","max-snippet":"max-snippet:-1","max-image-preview":"max-image-preview:large","max-video-preview":"max-video-preview:-1"},"canonical":"https:\/\/fedrigonitopaward.com\/it\/il-premio\/che-cosa-e\/","og_locale":"it_IT","og_type":"article","og_title":"Che cos'\u00e8 - Fedrigoni Top Award","og_description":"Top Award \u00e8 uno dei&nbsp;momenti migliori del nostro gi\u00e0 splendido lavoro, e l\u2019entusiasmo quando iniziamo a ricevere i lavori&nbsp;\u00e8&nbsp;grande.&nbsp; Per noi \u00e8 come il momento del raccolto nell\u2019orto: dopo tanto impegno nel realizzare carte speciali e materiali autoadesivi secondo le esigenze dei clienti, della moda e della tecnologia, vediamo ogni 18 mesi tornare verso di [...]Leggi di pi\u00f9...","og_url":"https:\/\/fedrigonitopaward.com\/it\/il-premio\/che-cosa-e\/","og_site_name":"Fedrigoni Top Award","article_modified_time":"2023-09-20T07:44:16+00:00","twitter_card":"summary_large_image","twitter_misc":{"Tempo di lettura stimato":"2 minuti"},"schema":{"@context":"https:\/\/schema.org","@graph":[{"@type":"WebPage","@id":"https:\/\/fedrigonitopaward.com\/it\/il-premio\/che-cosa-e\/","url":"https:\/\/fedrigonitopaward.com\/it\/il-premio\/che-cosa-e\/","name":"Che cos'\u00e8 - Fedrigoni Top Award","isPartOf":{"@id":"https:\/\/fedrigonitopaward.com\/it\/#website"},"datePublished":"2019-11-12T16:40:09+00:00","dateModified":"2023-09-20T07:44:16+00:00","breadcrumb":{"@id":"https:\/\/fedrigonitopaward.com\/it\/il-premio\/che-cosa-e\/#breadcrumb"},"inLanguage":"it-IT","potentialAction":[{"@type":"ReadAction","target":["https:\/\/fedrigonitopaward.com\/it\/il-premio\/che-cosa-e\/"]}]},{"@type":"BreadcrumbList","@id":"https:\/\/fedrigonitopaward.com\/it\/il-premio\/che-cosa-e\/#breadcrumb","itemListElement":[{"@type":"ListItem","position":1,"name":"Home","item":"https:\/\/fedrigonitopaward.com\/it\/"},{"@type":"ListItem","position":2,"name":"Il premio","item":"https:\/\/fedrigonitopaward.com\/it\/il-premio\/"},{"@type":"ListItem","position":3,"name":"Che cos&#8217;\u00e8"}]},{"@type":"WebSite","@id":"https:\/\/fedrigonitopaward.com\/it\/#website","url":"https:\/\/fedrigonitopaward.com\/it\/","name":"Fedrigoni Top Award","description":"Just another WordPress site","publisher":{"@id":"https:\/\/fedrigonitopaward.com\/it\/#organization"},"potentialAction":[{"@type":"SearchAction","target":{"@type":"EntryPoint","urlTemplate":"https:\/\/fedrigonitopaward.com\/it\/?s={search_term_string}"},"query-input":{"@type":"PropertyValueSpecification","valueRequired":true,"valueName":"search_term_string"}}],"inLanguage":"it-IT"},{"@type":"Organization","@id":"https:\/\/fedrigonitopaward.com\/it\/#organization","name":"Fedrigoni Top Award","url":"https:\/\/fedrigonitopaward.com\/it\/","logo":{"@type":"ImageObject","inLanguage":"it-IT","@id":"https:\/\/fedrigonitopaward.com\/it\/#\/schema\/logo\/image\/","url":"https:\/\/fedrigonitopaward.com\/wp-content\/uploads\/2023\/09\/Logo_Top_Black_SVG.svg","contentUrl":"https:\/\/fedrigonitopaward.com\/wp-content\/uploads\/2023\/09\/Logo_Top_Black_SVG.svg","width":1920,"height":2288,"caption":"Fedrigoni Top Award"},"image":{"@id":"https:\/\/fedrigonitopaward.com\/it\/#\/schema\/logo\/image\/"}}]}},"_links":{"self":[{"href":"https:\/\/fedrigonitopaward.com\/it\/wp-json\/wp\/v2\/pages\/516","targetHints":{"allow":["GET"]}}],"collection":[{"href":"https:\/\/fedrigonitopaward.com\/it\/wp-json\/wp\/v2\/pages"}],"about":[{"href":"https:\/\/fedrigonitopaward.com\/it\/wp-json\/wp\/v2\/types\/page"}],"author":[{"embeddable":true,"href":"https:\/\/fedrigonitopaward.com\/it\/wp-json\/wp\/v2\/users\/19"}],"replies":[{"embeddable":true,"href":"https:\/\/fedrigonitopaward.com\/it\/wp-json\/wp\/v2\/comments?post=516"}],"version-history":[{"count":3,"href":"https:\/\/fedrigonitopaward.com\/it\/wp-json\/wp\/v2\/pages\/516\/revisions"}],"predecessor-version":[{"id":37321,"href":"https:\/\/fedrigonitopaward.com\/it\/wp-json\/wp\/v2\/pages\/516\/revisions\/37321"}],"up":[{"embeddable":true,"href":"https:\/\/fedrigonitopaward.com\/it\/wp-json\/wp\/v2\/pages\/574"}],"wp:attachment":[{"href":"https:\/\/fedrigonitopaward.com\/it\/wp-json\/wp\/v2\/media?parent=516"}],"curies":[{"name":"wp","href":"https:\/\/api.w.org\/{rel}","templated":true}]}}